{"id":202,"date":"2019-05-26T16:20:59","date_gmt":"2019-05-26T08:20:59","guid":{"rendered":"http:\/\/www.naturalvanilla.net.au\/?page_id=202"},"modified":"2026-04-14T22:04:25","modified_gmt":"2026-04-15T01:04:25","slug":"contact","status":"publish","type":"page","link":"https:\/\/naturalvanilla.lat\/es\/contact\/","title":{"rendered":"P\u00f3ngase en contacto con"},"content":{"rendered":"<h1 class=\"wp-block-heading has-text-align-center\">P\u00f3ngase en contacto con<\/h1>\n\n\n\n<p>You can contact <a href=\"https:\/\/naturalvanilla.lat\/es\/\">Tienda de vainilla natural<\/a> on the below email and phone number. We welcome your business and invite enquiries by contacting us. We are happy to provide a quote for bulk and wholesale prices. Please note that we are primarily an online business and local pickups are by appointment only.<\/p>\n\n\n\n<div class=\"wp-block-uagb-image aligncenter uagb-block-3a154775 wp-block-uagb-image--layout-default wp-block-uagb-image--effect-static wp-block-uagb-image--align-center\"><figure class=\"wp-block-uagb-image__figure\"><img decoding=\"async\" srcset=\"https:\/\/naturalvanilla.lat\/wp-content\/uploads\/2023\/08\/Natural-Vanilla-Store-Liquid-Vanilla-Product-Range-1024x684.jpg ,https:\/\/naturalvanilla.lat\/wp-content\/uploads\/2023\/08\/Natural-Vanilla-Store-Liquid-Vanilla-Product-Range-scaled.jpg 780w, https:\/\/naturalvanilla.lat\/wp-content\/uploads\/2023\/08\/Natural-Vanilla-Store-Liquid-Vanilla-Product-Range-scaled.jpg 360w\" sizes=\"auto, (max-width: 480px) 150px\" src=\"https:\/\/naturalvanilla.lat\/wp-content\/uploads\/2023\/08\/Natural-Vanilla-Store-Liquid-Vanilla-Product-Range-1024x684.jpg\" alt=\"Natural Vanilla Store - Liquid Vanilla Product Range\" class=\"uag-image-5232\" width=\"1024\" height=\"683\" title=\"Natural Vanilla Store - Liquid Vanilla Product Range\" loading=\"lazy\" role=\"img\"\/><\/figure><\/div>\n\n\n\n<div style=\"height:30px\" aria-hidden=\"true\" class=\"wp-block-spacer\"><\/div>\n\n\n\n<h2 class=\"wp-block-heading\">Contact Natural Vanilla Store<\/h2>\n\n\n\n<p>If you have any queries please email or call Daniel Henderson our Operations Manager. Daniel will be happy to provide a quotation for bulk supply discount prices for our vanilla products and also provide answers to any general queries. For technical queries Daniel will forward these onto one of our helpful team members who will endeavour to provide a fast response.<\/p>\n\n\n\n<p>Best way to contact us is by email. We endeavour to reply to all emails by the following business day. <\/p>\n\n\n\n<div style=\"height:45px\" aria-hidden=\"true\" class=\"wp-block-spacer\"><\/div>\n\n\n\n<p class=\"has-text-align-center\"><strong>CONTACT NATURAL VANILLA STORE<\/strong><br>Email: <span style=\"color: #0000ff;\"><a style=\"color: #0000ff;\" href=\"mailto:enquiry@naturalvanilla.lat\">enquiry@naturalvanilla.lat<\/a><\/span><br>Phone: <b class=\"x-hidden-focus\">+54 11 5199 0566<\/b><\/p>\n\n\n\n<p class=\"has-text-align-center\">Address (by appointment only): Pola 1620, C1440 Cdad. Aut\u00f3noma de Buenos Aires, Argentina<\/p>\n\n\n\n<div style=\"height:60px\" aria-hidden=\"true\" class=\"wp-block-spacer\"><\/div>\n\n\n\n<div class=\"wp-block-columns is-layout-flex wp-container-core-columns-is-layout-28f84493 wp-block-columns-is-layout-flex\">\n<div class=\"wp-block-column is-layout-flow wp-block-column-is-layout-flow\">\n<p class=\"has-text-align-center\"><strong><a href=\"https:\/\/www.naturalvanilla.com.au\/\" target=\"_blank\" rel=\"noreferrer noopener\">AUSTRALIAN OFFICE<\/a><\/strong><br>Unit 1, 4 Roper Street O\u2019Connor<br>Perth, Western Australia 6163<\/p>\n<\/div>\n\n\n\n<div class=\"wp-block-column is-layout-flow wp-block-column-is-layout-flow\">\n<p class=\"has-text-align-center\"><strong><a href=\"https:\/\/naturalvanilla.co.uk\/\" target=\"_blank\" rel=\"noreferrer noopener\">UNITED KINGDOM OFFICE<\/a><\/strong><br>71-75 Shelton Street<br>Covent Garden WC2H 9JQ<\/p>\n\n\n\n<p><\/p>\n<\/div>\n\n\n\n<div class=\"wp-block-column is-layout-flow wp-block-column-is-layout-flow\">\n<p class=\"has-text-align-center\"><strong><a href=\"https:\/\/naturalvanilla.eu\" target=\"_blank\" rel=\"noreferrer noopener\">EUROPE OFFICE<\/a><\/strong><br>Sakala 7-2<br>Tallinn 10141 Estonia<\/p>\n<\/div>\n<\/div>","protected":false},"excerpt":{"rendered":"<p>Contact You can contact Natural Vanilla Store on the below email and phone number. We welcome your business and invite enquiries by contacting us. We are happy to provide a quote for bulk and wholesale prices. Please note that we are primarily an online business and local pickups are by appointment only. Contact Natural Vanilla [&hellip;]<\/p>\n","protected":false},"author":1,"featured_media":0,"parent":0,"menu_order":0,"comment_status":"closed","ping_status":"closed","template":"","meta":{"_uag_custom_page_level_css":"","site-sidebar-layout":"right-sidebar","site-content-layout":"plain-container","ast-site-content-layout":"normal-width-container","site-content-style":"unboxed","site-sidebar-style":"unboxed","ast-global-header-display":"","ast-banner-title-visibility":"","ast-main-header-display":"","ast-hfb-above-header-display":"","ast-hfb-below-header-display":"","ast-hfb-mobile-header-display":"","site-post-title":"disabled","ast-breadcrumbs-content":"","ast-featured-img":"","footer-sml-layout":"","theme-transparent-header-meta":"default","adv-header-id-meta":"","stick-header-meta":"","header-above-stick-meta":"","header-main-stick-meta":"","header-below-stick-meta":"","astra-migrate-meta-layouts":"set","ast-page-background-enabled":"default","ast-page-background-meta":{"desktop":{"background-color":"","background-image":"","background-repeat":"repeat","background-position":"center center","background-size":"auto","background-attachment":"scroll","background-type":"","background-media":"","overlay-type":"","overlay-color":"","overlay-opacity":"","overlay-gradient":""},"tablet":{"background-color":"","background-image":"","background-repeat":"repeat","background-position":"center center","background-size":"auto","background-attachment":"scroll","background-type":"","background-media":"","overlay-type":"","overlay-color":"","overlay-opacity":"","overlay-gradient":""},"mobile":{"background-color":"","background-image":"","background-repeat":"repeat","background-position":"center center","background-size":"auto","background-attachment":"scroll","background-type":"","background-media":"","overlay-type":"","overlay-color":"","overlay-opacity":"","overlay-gradient":""}},"ast-content-background-meta":{"desktop":{"background-color":"var(--ast-global-color-5)","background-image":"","background-repeat":"repeat","background-position":"center center","background-size":"auto","background-attachment":"scroll","background-type":"","background-media":"","overlay-type":"","overlay-color":"","overlay-opacity":"","overlay-gradient":""},"tablet":{"background-color":"var(--ast-global-color-5)","background-image":"","background-repeat":"repeat","background-position":"center center","background-size":"auto","background-attachment":"scroll","background-type":"","background-media":"","overlay-type":"","overlay-color":"","overlay-opacity":"","overlay-gradient":""},"mobile":{"background-color":"var(--ast-global-color-5)","background-image":"","background-repeat":"repeat","background-position":"center center","background-size":"auto","background-attachment":"scroll","background-type":"","background-media":"","overlay-type":"","overlay-color":"","overlay-opacity":"","overlay-gradient":""}},"footnotes":""},"class_list":["post-202","page","type-page","status-publish","hentry"],"yoast_head":"<!-- This site is optimized with the Yoast SEO plugin v27.5 - https:\/\/yoast.com\/product\/yoast-seo-wordpress\/ -->\n<title>Contact Natural Vanilla | Contacto Vainilla Natural de Sudam\u00e9rica<\/title>\n<meta name=\"description\" content=\"Contact Natural Vanilla. Cont\u00e1ctenos para obtener precios al por mayor de vainas de vainilla a granel en Sudam\u00e9rica.\" \/>\n<meta name=\"robots\" content=\"index, follow, max-snippet:-1, max-image-preview:large, max-video-preview:-1\" \/>\n<link rel=\"canonical\" href=\"https:\/\/naturalvanilla.lat\/es\/contact\/\" \/>\n<meta property=\"og:locale\" content=\"es_ES\" \/>\n<meta property=\"og:type\" content=\"article\" \/>\n<meta property=\"og:title\" content=\"Contact Natural Vanilla | Contacto Vainilla Natural de Sudam\u00e9rica\" \/>\n<meta property=\"og:description\" content=\"Contact Natural Vanilla. Cont\u00e1ctenos para obtener precios al por mayor de vainas de vainilla a granel en Sudam\u00e9rica.\" \/>\n<meta property=\"og:url\" content=\"https:\/\/naturalvanilla.lat\/es\/contact\/\" \/>\n<meta property=\"og:site_name\" content=\"Natural Vanilla South America\" \/>\n<meta property=\"article:publisher\" content=\"https:\/\/www.facebook.com\/naturalvanilla.com.au\" \/>\n<meta property=\"article:modified_time\" content=\"2026-04-15T01:04:25+00:00\" \/>\n<meta property=\"og:image\" content=\"https:\/\/naturalvanilla.lat\/wp-content\/uploads\/2023\/08\/Natural-Vanilla-Store-Liquid-Vanilla-Product-Range-1024x684.jpg\" \/>\n<meta name=\"twitter:card\" content=\"summary_large_image\" \/>\n<meta name=\"twitter:label1\" content=\"Tiempo de lectura\" \/>\n\t<meta name=\"twitter:data1\" content=\"2 minutos\" \/>\n<script type=\"application\/ld+json\" class=\"yoast-schema-graph\">{\"@context\":\"https:\\\/\\\/schema.org\",\"@graph\":[{\"@type\":\"WebPage\",\"@id\":\"https:\\\/\\\/naturalvanilla.lat\\\/contact\\\/\",\"url\":\"https:\\\/\\\/naturalvanilla.lat\\\/contact\\\/\",\"name\":\"Contact Natural Vanilla | Contacto Vainilla Natural de Sudam\u00e9rica\",\"isPartOf\":{\"@id\":\"https:\\\/\\\/naturalvanilla.lat\\\/#website\"},\"primaryImageOfPage\":{\"@id\":\"https:\\\/\\\/naturalvanilla.lat\\\/contact\\\/#primaryimage\"},\"image\":{\"@id\":\"https:\\\/\\\/naturalvanilla.lat\\\/contact\\\/#primaryimage\"},\"thumbnailUrl\":\"https:\\\/\\\/naturalvanilla.lat\\\/wp-content\\\/uploads\\\/2023\\\/08\\\/Natural-Vanilla-Store-Liquid-Vanilla-Product-Range-1024x684.jpg\",\"datePublished\":\"2019-05-26T08:20:59+00:00\",\"dateModified\":\"2026-04-15T01:04:25+00:00\",\"description\":\"Contact Natural Vanilla. Cont\u00e1ctenos para obtener precios al por mayor de vainas de vainilla a granel en Sudam\u00e9rica.\",\"breadcrumb\":{\"@id\":\"https:\\\/\\\/naturalvanilla.lat\\\/contact\\\/#breadcrumb\"},\"inLanguage\":\"es-AR\",\"potentialAction\":[{\"@type\":\"ReadAction\",\"target\":[\"https:\\\/\\\/naturalvanilla.lat\\\/contact\\\/\"]}]},{\"@type\":\"ImageObject\",\"inLanguage\":\"es-AR\",\"@id\":\"https:\\\/\\\/naturalvanilla.lat\\\/contact\\\/#primaryimage\",\"url\":\"https:\\\/\\\/naturalvanilla.lat\\\/wp-content\\\/uploads\\\/2023\\\/08\\\/Natural-Vanilla-Store-Liquid-Vanilla-Product-Range-1024x684.jpg\",\"contentUrl\":\"https:\\\/\\\/naturalvanilla.lat\\\/wp-content\\\/uploads\\\/2023\\\/08\\\/Natural-Vanilla-Store-Liquid-Vanilla-Product-Range-1024x684.jpg\"},{\"@type\":\"BreadcrumbList\",\"@id\":\"https:\\\/\\\/naturalvanilla.lat\\\/contact\\\/#breadcrumb\",\"itemListElement\":[{\"@type\":\"ListItem\",\"position\":1,\"name\":\"Home\",\"item\":\"https:\\\/\\\/naturalvanilla.lat\\\/\"},{\"@type\":\"ListItem\",\"position\":2,\"name\":\"Contact\"}]},{\"@type\":\"WebSite\",\"@id\":\"https:\\\/\\\/naturalvanilla.lat\\\/#website\",\"url\":\"https:\\\/\\\/naturalvanilla.lat\\\/\",\"name\":\"Natural Vanilla South America\",\"description\":\"Leading International Supplier of Quality Vanilla Tel: +54 11 5199 0566\",\"publisher\":{\"@id\":\"https:\\\/\\\/naturalvanilla.lat\\\/#organization\"},\"potentialAction\":[{\"@type\":\"SearchAction\",\"target\":{\"@type\":\"EntryPoint\",\"urlTemplate\":\"https:\\\/\\\/naturalvanilla.lat\\\/?s={search_term_string}\"},\"query-input\":{\"@type\":\"PropertyValueSpecification\",\"valueRequired\":true,\"valueName\":\"search_term_string\"}}],\"inLanguage\":\"es-AR\"},{\"@type\":\"Organization\",\"@id\":\"https:\\\/\\\/naturalvanilla.lat\\\/#organization\",\"name\":\"Natural Vanilla\",\"url\":\"https:\\\/\\\/naturalvanilla.lat\\\/\",\"logo\":{\"@type\":\"ImageObject\",\"inLanguage\":\"es-AR\",\"@id\":\"https:\\\/\\\/naturalvanilla.lat\\\/#\\\/schema\\\/logo\\\/image\\\/\",\"url\":\"https:\\\/\\\/naturalvanilla.lat\\\/wp-content\\\/uploads\\\/2022\\\/08\\\/Natural-Vanilla-Seal-CMYK.png\",\"contentUrl\":\"https:\\\/\\\/naturalvanilla.lat\\\/wp-content\\\/uploads\\\/2022\\\/08\\\/Natural-Vanilla-Seal-CMYK.png\",\"width\":591,\"height\":591,\"caption\":\"Natural Vanilla\"},\"image\":{\"@id\":\"https:\\\/\\\/naturalvanilla.lat\\\/#\\\/schema\\\/logo\\\/image\\\/\"},\"sameAs\":[\"https:\\\/\\\/www.facebook.com\\\/naturalvanilla.com.au\",\"https:\\\/\\\/www.instagram.com\\\/natural_vanilla_store\",\"https:\\\/\\\/www.linkedin.com\\\/company\\\/natural-vanilla-pty-ltd\\\/\",\"https:\\\/\\\/www.pinterest.com\\\/natural_vanilla_store\"]}]}<\/script>\n<!-- \/ Yoast SEO plugin. -->","yoast_head_json":{"title":"Contact Natural Vanilla | Contacto Vainilla Natural de Sudam\u00e9rica","description":"Contact Natural Vanilla. Cont\u00e1ctenos para obtener precios al por mayor de vainas de vainilla a granel en Sudam\u00e9rica.","robots":{"index":"index","follow":"follow","max-snippet":"max-snippet:-1","max-image-preview":"max-image-preview:large","max-video-preview":"max-video-preview:-1"},"canonical":"https:\/\/naturalvanilla.lat\/es\/contact\/","og_locale":"es_ES","og_type":"article","og_title":"Contact Natural Vanilla | Contacto Vainilla Natural de Sudam\u00e9rica","og_description":"Contact Natural Vanilla. Cont\u00e1ctenos para obtener precios al por mayor de vainas de vainilla a granel en Sudam\u00e9rica.","og_url":"https:\/\/naturalvanilla.lat\/es\/contact\/","og_site_name":"Natural Vanilla South America","article_publisher":"https:\/\/www.facebook.com\/naturalvanilla.com.au","article_modified_time":"2026-04-15T01:04:25+00:00","og_image":[{"url":"https:\/\/naturalvanilla.lat\/wp-content\/uploads\/2023\/08\/Natural-Vanilla-Store-Liquid-Vanilla-Product-Range-1024x684.jpg","type":"","width":"","height":""}],"twitter_card":"summary_large_image","twitter_misc":{"Tiempo de lectura":"2 minutos"},"schema":{"@context":"https:\/\/schema.org","@graph":[{"@type":"WebPage","@id":"https:\/\/naturalvanilla.lat\/contact\/","url":"https:\/\/naturalvanilla.lat\/contact\/","name":"Contact Natural Vanilla | Contacto Vainilla Natural de Sudam\u00e9rica","isPartOf":{"@id":"https:\/\/naturalvanilla.lat\/#website"},"primaryImageOfPage":{"@id":"https:\/\/naturalvanilla.lat\/contact\/#primaryimage"},"image":{"@id":"https:\/\/naturalvanilla.lat\/contact\/#primaryimage"},"thumbnailUrl":"https:\/\/naturalvanilla.lat\/wp-content\/uploads\/2023\/08\/Natural-Vanilla-Store-Liquid-Vanilla-Product-Range-1024x684.jpg","datePublished":"2019-05-26T08:20:59+00:00","dateModified":"2026-04-15T01:04:25+00:00","description":"Contact Natural Vanilla. Cont\u00e1ctenos para obtener precios al por mayor de vainas de vainilla a granel en Sudam\u00e9rica.","breadcrumb":{"@id":"https:\/\/naturalvanilla.lat\/contact\/#breadcrumb"},"inLanguage":"es-AR","potentialAction":[{"@type":"ReadAction","target":["https:\/\/naturalvanilla.lat\/contact\/"]}]},{"@type":"ImageObject","inLanguage":"es-AR","@id":"https:\/\/naturalvanilla.lat\/contact\/#primaryimage","url":"https:\/\/naturalvanilla.lat\/wp-content\/uploads\/2023\/08\/Natural-Vanilla-Store-Liquid-Vanilla-Product-Range-1024x684.jpg","contentUrl":"https:\/\/naturalvanilla.lat\/wp-content\/uploads\/2023\/08\/Natural-Vanilla-Store-Liquid-Vanilla-Product-Range-1024x684.jpg"},{"@type":"BreadcrumbList","@id":"https:\/\/naturalvanilla.lat\/contact\/#breadcrumb","itemListElement":[{"@type":"ListItem","position":1,"name":"Home","item":"https:\/\/naturalvanilla.lat\/"},{"@type":"ListItem","position":2,"name":"Contact"}]},{"@type":"WebSite","@id":"https:\/\/naturalvanilla.lat\/#website","url":"https:\/\/naturalvanilla.lat\/","name":"Natural Vanilla South America","description":"Leading International Supplier of Quality Vanilla Tel: +54 11 5199 0566","publisher":{"@id":"https:\/\/naturalvanilla.lat\/#organization"},"potentialAction":[{"@type":"SearchAction","target":{"@type":"EntryPoint","urlTemplate":"https:\/\/naturalvanilla.lat\/?s={search_term_string}"},"query-input":{"@type":"PropertyValueSpecification","valueRequired":true,"valueName":"search_term_string"}}],"inLanguage":"es-AR"},{"@type":"Organization","@id":"https:\/\/naturalvanilla.lat\/#organization","name":"Natural Vanilla","url":"https:\/\/naturalvanilla.lat\/","logo":{"@type":"ImageObject","inLanguage":"es-AR","@id":"https:\/\/naturalvanilla.lat\/#\/schema\/logo\/image\/","url":"https:\/\/naturalvanilla.lat\/wp-content\/uploads\/2022\/08\/Natural-Vanilla-Seal-CMYK.png","contentUrl":"https:\/\/naturalvanilla.lat\/wp-content\/uploads\/2022\/08\/Natural-Vanilla-Seal-CMYK.png","width":591,"height":591,"caption":"Natural Vanilla"},"image":{"@id":"https:\/\/naturalvanilla.lat\/#\/schema\/logo\/image\/"},"sameAs":["https:\/\/www.facebook.com\/naturalvanilla.com.au","https:\/\/www.instagram.com\/natural_vanilla_store","https:\/\/www.linkedin.com\/company\/natural-vanilla-pty-ltd\/","https:\/\/www.pinterest.com\/natural_vanilla_store"]}]}},"uagb_featured_image_src":{"full":false,"thumbnail":false,"medium":false,"medium_large":false,"large":false,"1536x1536":false,"2048x2048":false,"trp-custom-language-flag":false,"woocommerce_thumbnail":false,"woocommerce_single":false,"woocommerce_gallery_thumbnail":false},"uagb_author_info":{"display_name":"Natural Vanilla Store","author_link":"https:\/\/naturalvanilla.lat\/es\/author\/admin\/"},"uagb_comment_info":0,"uagb_excerpt":"Contact You can contact Natural Vanilla Store on the below email and phone number. We welcome your business and invite enquiries by contacting us. We are happy to provide a quote for bulk and wholesale prices. Please note that we are primarily an online business and local pickups are by appointment only. Contact Natural Vanilla&hellip;","_links":{"self":[{"href":"https:\/\/naturalvanilla.lat\/es\/wp-json\/wp\/v2\/pages\/202","targetHints":{"allow":["GET"]}}],"collection":[{"href":"https:\/\/naturalvanilla.lat\/es\/wp-json\/wp\/v2\/pages"}],"about":[{"href":"https:\/\/naturalvanilla.lat\/es\/wp-json\/wp\/v2\/types\/page"}],"author":[{"embeddable":true,"href":"https:\/\/naturalvanilla.lat\/es\/wp-json\/wp\/v2\/users\/1"}],"replies":[{"embeddable":true,"href":"https:\/\/naturalvanilla.lat\/es\/wp-json\/wp\/v2\/comments?post=202"}],"version-history":[{"count":10,"href":"https:\/\/naturalvanilla.lat\/es\/wp-json\/wp\/v2\/pages\/202\/revisions"}],"predecessor-version":[{"id":6318,"href":"https:\/\/naturalvanilla.lat\/es\/wp-json\/wp\/v2\/pages\/202\/revisions\/6318"}],"wp:attachment":[{"href":"https:\/\/naturalvanilla.lat\/es\/wp-json\/wp\/v2\/media?parent=202"}],"curies":[{"name":"wp","href":"https:\/\/api.w.org\/{rel}","templated":true}]}}